{"id":105,"date":"2020-08-21T21:30:29","date_gmt":"2020-08-21T19:30:29","guid":{"rendered":"http:\/\/therapie-sophrologie33.fr\/?page_id=105"},"modified":"2022-03-06T18:15:00","modified_gmt":"2022-03-06T17:15:00","slug":"home","status":"publish","type":"page","link":"https:\/\/therapie-sophrologie33.fr\/","title":{"rendered":"Bienvenue!"},"content":{"rendered":"\n<p>Vous traversez une p\u00e9riode complexe avec le cerveau \u00ab&nbsp;en \u00e9bullition&nbsp;\u00bb et les maux de votre corps persistent\u2026<\/p>\n\n\n\n<p>Vous \u00eates \u00e0 la recherche de sens, d\u2019une harmonie int\u00e9rieure, au sein de votre couple, de votre famille\u2026 et vous sentez qu\u2019il est temps de prendre soin de vous\u2026&nbsp;<\/p>\n\n\n\n<p>Alors vous \u00eates au bon endroit&nbsp;!<\/p>\n\n\n\n<p>Je suis disponible, \u00e0 votre \u00e9coute, dans le respect et le non-jugement, pour vous accompagner dans votre d\u00e9marche personnelle d\u2019accomplissement, d\u2019\u00e9volution et de mieux \u00eatre.<\/p>\n\n\n\n<p>Je vous propose un accompagnement personnalis\u00e9 gr\u00e2ce \u00e0 mes comp\u00e9tences (Sophrologie-Th\u00e9rapie Syst\u00e9mique-Th\u00e9rapie DECEMO Traitement des chocs \u00e9motionnels).\u00a0<\/p>\n\n\n\n<p>Je vous laisse le plaisir de d\u00e9couvrir mon site&nbsp;!<\/p>\n\n\n\n<p>A bient\u00f4t,&nbsp;<\/p>\n\n\n\n<p>Dany, votre th\u00e9rapeute et sophrologue<\/p>\n\n\n\n<div class=\"wp-block-image\"><figure class=\"aligncenter size-large\"><img loading=\"lazy\" width=\"907\" height=\"510\" src=\"http:\/\/therapie-sophrologie33.fr\/wp-content\/uploads\/2020\/08\/Lotus-citation.png\" alt=\"\" class=\"wp-image-103\" srcset=\"https:\/\/therapie-sophrologie33.fr\/wp-content\/uploads\/2020\/08\/Lotus-citation.png 907w, https:\/\/therapie-sophrologie33.fr\/wp-content\/uploads\/2020\/08\/Lotus-citation-300x169.png 300w, https:\/\/therapie-sophrologie33.fr\/wp-content\/uploads\/2020\/08\/Lotus-citation-768x432.png 768w\" sizes=\"(max-width: 907px) 100vw, 907px\" \/><\/figure><\/div>\n","protected":false},"excerpt":{"rendered":"<p>Vous traversez une p\u00e9riode complexe avec le cerveau \u00ab&nbsp;en \u00e9bullition&nbsp;\u00bb et les maux de votre corps persistent\u2026 Vous \u00eates \u00e0 la recherche de sens, d\u2019une harmonie int\u00e9rieure, au sein de votre couple, de votre famille\u2026 et vous sentez qu\u2019il est temps de prendre soin de vous\u2026&nbsp; Alors vous \u00eates au bon endroit&nbsp;! Je suis disponible,&hellip;<\/p>\n","protected":false},"author":1,"featured_media":0,"parent":0,"menu_order":0,"comment_status":"closed","ping_status":"closed","template":"","meta":[],"_links":{"self":[{"href":"https:\/\/therapie-sophrologie33.fr\/index.php\/wp-json\/wp\/v2\/pages\/105"}],"collection":[{"href":"https:\/\/therapie-sophrologie33.fr\/index.php\/wp-json\/wp\/v2\/pages"}],"about":[{"href":"https:\/\/therapie-sophrologie33.fr\/index.php\/wp-json\/wp\/v2\/types\/page"}],"author":[{"embeddable":true,"href":"https:\/\/therapie-sophrologie33.fr\/index.php\/wp-json\/wp\/v2\/users\/1"}],"replies":[{"embeddable":true,"href":"https:\/\/therapie-sophrologie33.fr\/index.php\/wp-json\/wp\/v2\/comments?post=105"}],"version-history":[{"count":3,"href":"https:\/\/therapie-sophrologie33.fr\/index.php\/wp-json\/wp\/v2\/pages\/105\/revisions"}],"predecessor-version":[{"id":237,"href":"https:\/\/therapie-sophrologie33.fr\/index.php\/wp-json\/wp\/v2\/pages\/105\/revisions\/237"}],"wp:attachment":[{"href":"https:\/\/therapie-sophrologie33.fr\/index.php\/wp-json\/wp\/v2\/media?parent=105"}],"curies":[{"name":"wp","href":"https:\/\/api.w.org\/{rel}","templated":true}]}}