{"id":118,"date":"2020-08-21T21:46:15","date_gmt":"2020-08-21T19:46:15","guid":{"rendered":"http:\/\/therapie-sophrologie33.fr\/?page_id=118"},"modified":"2020-10-07T10:47:00","modified_gmt":"2020-10-07T08:47:00","slug":"la-seance-collective","status":"publish","type":"page","link":"https:\/\/therapie-sophrologie33.fr\/index.php\/la-sophrologie\/la-seance-collective\/","title":{"rendered":"La s\u00e9ance collective"},"content":{"rendered":"\n<p>Le groupe cr\u00e9\u00e9 permet d\u2019apporter une convivialit\u00e9, une coh\u00e9sion et un \u00e9change d\u2019exp\u00e9riences.<\/p>\n\n\n\n<p>Le nombre de participants est limit\u00e9.<\/p>\n\n\n\n<p>Le respect, le non-jugement et la bienveillance sont les notions fondamentales qui nous accompagnent ind\u00e9finiment.<\/p>\n\n\n\n<p>Pour le partage en fin de s\u00e9ance, seules les personnes d\u00e9sireuses de prendre la parole le font.<\/p>\n\n\n\n<p>Chaque participant, \u00e0 son rythme, poursuit son cheminement et sa progression personnelle \u00e0 travers la m\u00e9thode transmise.<\/p>\n\n\n\n<p><\/p>\n\n\n\n<figure class=\"wp-block-image size-large is-resized\"><img loading=\"lazy\" src=\"http:\/\/therapie-sophrologie33.fr\/wp-content\/uploads\/2020\/09\/Photo-sophro-collective.png\" alt=\"\" class=\"wp-image-175\" width=\"642\" height=\"428\" srcset=\"https:\/\/therapie-sophrologie33.fr\/wp-content\/uploads\/2020\/09\/Photo-sophro-collective.png 606w, https:\/\/therapie-sophrologie33.fr\/wp-content\/uploads\/2020\/09\/Photo-sophro-collective-300x200.png 300w\" sizes=\"(max-width: 642px) 100vw, 642px\" \/><\/figure>\n\n\n\n<p><\/p>\n\n\n\n<p>Groupe Adultes&nbsp;(le mercredi de 19h \u00e0 20h sur M\u00e9rignac et le vendredi de 19h \u00e0 20h sur Artigues)<\/p>\n\n\n\n<p>Groupe Femmes enceintes (le vendredi sur M\u00e9rignac de 10h30 \u00e0 11h30 et le samedi de 11h \u00e0 12h sur Artigues)<\/p>\n\n\n\n<p>Groupe Enfants<\/p>\n","protected":false},"excerpt":{"rendered":"<p>Le groupe cr\u00e9\u00e9 permet d\u2019apporter une convivialit\u00e9, une coh\u00e9sion et un \u00e9change d\u2019exp\u00e9riences. Le nombre de participants est limit\u00e9. Le respect, le non-jugement et la bienveillance sont les notions fondamentales qui nous accompagnent ind\u00e9finiment. Pour le partage en fin de s\u00e9ance, seules les personnes d\u00e9sireuses de prendre la parole le font. Chaque participant, \u00e0 son&hellip;<\/p>\n","protected":false},"author":1,"featured_media":0,"parent":22,"menu_order":1,"comment_status":"closed","ping_status":"closed","template":"","meta":[],"_links":{"self":[{"href":"https:\/\/therapie-sophrologie33.fr\/index.php\/wp-json\/wp\/v2\/pages\/118"}],"collection":[{"href":"https:\/\/therapie-sophrologie33.fr\/index.php\/wp-json\/wp\/v2\/pages"}],"about":[{"href":"https:\/\/therapie-sophrologie33.fr\/index.php\/wp-json\/wp\/v2\/types\/page"}],"author":[{"embeddable":true,"href":"https:\/\/therapie-sophrologie33.fr\/index.php\/wp-json\/wp\/v2\/users\/1"}],"replies":[{"embeddable":true,"href":"https:\/\/therapie-sophrologie33.fr\/index.php\/wp-json\/wp\/v2\/comments?post=118"}],"version-history":[{"count":6,"href":"https:\/\/therapie-sophrologie33.fr\/index.php\/wp-json\/wp\/v2\/pages\/118\/revisions"}],"predecessor-version":[{"id":206,"href":"https:\/\/therapie-sophrologie33.fr\/index.php\/wp-json\/wp\/v2\/pages\/118\/revisions\/206"}],"up":[{"embeddable":true,"href":"https:\/\/therapie-sophrologie33.fr\/index.php\/wp-json\/wp\/v2\/pages\/22"}],"wp:attachment":[{"href":"https:\/\/therapie-sophrologie33.fr\/index.php\/wp-json\/wp\/v2\/media?parent=118"}],"curies":[{"name":"wp","href":"https:\/\/api.w.org\/{rel}","templated":true}]}}