{"id":120,"date":"2020-08-21T21:47:23","date_gmt":"2020-08-21T19:47:23","guid":{"rendered":"http:\/\/therapie-sophrologie33.fr\/?page_id=120"},"modified":"2020-10-22T21:31:50","modified_gmt":"2020-10-22T19:31:50","slug":"ateliers","status":"publish","type":"page","link":"https:\/\/therapie-sophrologie33.fr\/index.php\/la-sophrologie\/ateliers\/","title":{"rendered":"Ateliers"},"content":{"rendered":"\n<h2>Sophrologie \u00ab en Famille \u00bb&nbsp;<\/h2>\n\n\n\n<p>Ateliers \u00ab parents\/b\u00e9b\u00e9 \u00bb et \u00ab duo parents\/enfant \u00bb<\/p>\n\n\n\n<p>Avec ma vision syst\u00e9mique, j\u2019ai voulu cr\u00e9er des ateliers en sophrologie qui incluent les \u00ab\u00a0papas\u00a0\u00bb. En effet, des s\u00e9ances sont propos\u00e9es pour les femmes enceintes, les enfants, les \u00ab\u00a0mamans \u00bb \u2026 et les \u00ab\u00a0papas\u00a0\u00bb dans l\u2019histoire\u00a0!<\/p>\n\n\n\n<p>Cette configuration propos\u00e9e permet de renforcer le lien parent\/b\u00e9b\u00e9 (enfant) et celui du couple. Il me parait important que chacun puisse trouver sa place dans son syst\u00e8me familial, d\u2019acc\u00e9der \u00e0 un bien \u00eatre individuel et de ce fait \u00e0 une harmonie familiale.<\/p>\n\n\n\n<p>Le nombre de participants est limit\u00e9.<\/p>\n\n\n\n<figure class=\"wp-block-image size-large\"><img loading=\"lazy\" width=\"946\" height=\"619\" src=\"http:\/\/therapie-sophrologie33.fr\/wp-content\/uploads\/2020\/09\/Photo-bebe.png\" alt=\"\" class=\"wp-image-173\" srcset=\"https:\/\/therapie-sophrologie33.fr\/wp-content\/uploads\/2020\/09\/Photo-bebe.png 946w, https:\/\/therapie-sophrologie33.fr\/wp-content\/uploads\/2020\/09\/Photo-bebe-300x196.png 300w, https:\/\/therapie-sophrologie33.fr\/wp-content\/uploads\/2020\/09\/Photo-bebe-768x503.png 768w\" sizes=\"(max-width: 946px) 100vw, 946px\" \/><\/figure>\n","protected":false},"excerpt":{"rendered":"<p>Sophrologie \u00ab en Famille \u00bb&nbsp; Ateliers \u00ab parents\/b\u00e9b\u00e9 \u00bb et \u00ab duo parents\/enfant \u00bb Avec ma vision syst\u00e9mique, j\u2019ai voulu cr\u00e9er des ateliers en sophrologie qui incluent les \u00ab\u00a0papas\u00a0\u00bb. En effet, des s\u00e9ances sont propos\u00e9es pour les femmes enceintes, les enfants, les \u00ab\u00a0mamans \u00bb \u2026 et les \u00ab\u00a0papas\u00a0\u00bb dans l\u2019histoire\u00a0! Cette configuration propos\u00e9e permet de&hellip;<\/p>\n","protected":false},"author":1,"featured_media":0,"parent":22,"menu_order":2,"comment_status":"closed","ping_status":"closed","template":"","meta":[],"_links":{"self":[{"href":"https:\/\/therapie-sophrologie33.fr\/index.php\/wp-json\/wp\/v2\/pages\/120"}],"collection":[{"href":"https:\/\/therapie-sophrologie33.fr\/index.php\/wp-json\/wp\/v2\/pages"}],"about":[{"href":"https:\/\/therapie-sophrologie33.fr\/index.php\/wp-json\/wp\/v2\/types\/page"}],"author":[{"embeddable":true,"href":"https:\/\/therapie-sophrologie33.fr\/index.php\/wp-json\/wp\/v2\/users\/1"}],"replies":[{"embeddable":true,"href":"https:\/\/therapie-sophrologie33.fr\/index.php\/wp-json\/wp\/v2\/comments?post=120"}],"version-history":[{"count":5,"href":"https:\/\/therapie-sophrologie33.fr\/index.php\/wp-json\/wp\/v2\/pages\/120\/revisions"}],"predecessor-version":[{"id":209,"href":"https:\/\/therapie-sophrologie33.fr\/index.php\/wp-json\/wp\/v2\/pages\/120\/revisions\/209"}],"up":[{"embeddable":true,"href":"https:\/\/therapie-sophrologie33.fr\/index.php\/wp-json\/wp\/v2\/pages\/22"}],"wp:attachment":[{"href":"https:\/\/therapie-sophrologie33.fr\/index.php\/wp-json\/wp\/v2\/media?parent=120"}],"curies":[{"name":"wp","href":"https:\/\/api.w.org\/{rel}","templated":true}]}}