{"id":14,"date":"2020-02-04T14:13:03","date_gmt":"2020-02-04T13:13:03","guid":{"rendered":"http:\/\/therapie-sophrologie33.fr\/?page_id=14"},"modified":"2022-03-06T18:44:51","modified_gmt":"2022-03-06T17:44:51","slug":"votre-praticien","status":"publish","type":"page","link":"https:\/\/therapie-sophrologie33.fr\/index.php\/votre-praticien\/","title":{"rendered":"Pr\u00e9sentation"},"content":{"rendered":"\n<div class=\"wp-block-image\"><figure class=\"aligncenter size-large is-resized\"><img loading=\"lazy\" src=\"http:\/\/therapie-sophrologie33.fr\/wp-content\/uploads\/2020\/08\/DSC_0194-Lumiere-edited.jpg\" alt=\"\" class=\"wp-image-64\" width=\"235\" height=\"417\" srcset=\"https:\/\/therapie-sophrologie33.fr\/wp-content\/uploads\/2020\/08\/DSC_0194-Lumiere-edited.jpg 1285w, https:\/\/therapie-sophrologie33.fr\/wp-content\/uploads\/2020\/08\/DSC_0194-Lumiere-edited-169x300.jpg 169w, https:\/\/therapie-sophrologie33.fr\/wp-content\/uploads\/2020\/08\/DSC_0194-Lumiere-edited-576x1024.jpg 576w, https:\/\/therapie-sophrologie33.fr\/wp-content\/uploads\/2020\/08\/DSC_0194-Lumiere-edited-768x1366.jpg 768w, https:\/\/therapie-sophrologie33.fr\/wp-content\/uploads\/2020\/08\/DSC_0194-Lumiere-edited-863x1536.jpg 863w, https:\/\/therapie-sophrologie33.fr\/wp-content\/uploads\/2020\/08\/DSC_0194-Lumiere-edited-1151x2048.jpg 1151w\" sizes=\"(max-width: 235px) 100vw, 235px\" \/><\/figure><\/div>\n\n\n\n<blockquote class=\"wp-block-quote\"><p><em><strong><span class=\"has-inline-color has-vivid-cyan-blue-color\">\u00ab&nbsp;La complexit\u00e9 de l\u2019\u00eatre humain est ce qui le rend unique&nbsp;\u00bb<\/span><\/strong><span class=\"has-inline-color has-vivid-red-color\"> <\/span> <\/em><\/p><cite>Dany Vixaysakd<\/cite><\/blockquote>\n\n\n\n<p>Portant un int\u00e9r\u00eat pour les sciences humaines, je me suis tourn\u00e9e vers le soin et l\u2019accompagnement des personnes. <\/p>\n\n\n\n<p>Je suis infirmi\u00e8re dipl\u00f4m\u00e9e d\u2019Etat depuis 2005, sp\u00e9cialis\u00e9e dans l\u2019Addictologie et formatrice. J\u2019ai travaill\u00e9 dans diff\u00e9rentes structures de soins aupr\u00e8s de tout type de public (enfants-adolescents, adultes et personnes \u00e2g\u00e9es). <\/p>\n\n\n\n<p>Consid\u00e9rant la personne dans sa globalit\u00e9, il m\u2019est apparu primordial d\u2019acc\u00e9der \u00e0 une compr\u00e9hension de la personne dans ses relations et dans ses processus de communication au sein de son syst\u00e8me familial. Je me suis ainsi form\u00e9e \u00e0 la th\u00e9rapie familiale et conjugale \u00e0 l\u2019<strong>Institut Michel Montaigne<\/strong>.<\/p>\n\n\n\n<p> D\u00e9sireuse de compl\u00e9ter mes comp\u00e9tences \u00e0 ma pratique dans une approche psychocorporelle, j\u2019ai suivi un cursus de formation de 2 ans \u00e0 l\u2019<strong>Institut de Sophrologie du Sud-Ouest (ISSO)<\/strong>, \u00e9cole membre de la <strong>F\u00e9d\u00e9ration des Ecoles Professionnelles en Sophrologie<\/strong> (FEPS).<\/p>\n\n\n\n<p>Je me suis sp\u00e9cialis\u00e9e en  \u00ab <strong>Sophrologie\/P\u00e9rinatalit\u00e9<\/strong>&nbsp;\u00bb et \u00ab&nbsp;<strong>Sophro-P\u00e9dagogie-Obst\u00e9tricale<\/strong> \u00bb.<\/p>\n\n\n\n<p> J&rsquo;ai \u00e9galement suivi la formation \u00ab <strong>Sophrologie Ludique\u00ae<\/strong>&nbsp;\u00bb avec les fondateurs <strong>Claudia Sanchez et Ricardo Lopez.<\/strong><\/p>\n\n\n\n<p>J&rsquo;ai obtenu le<strong> titre de Sophrologue inscrit au R\u00e9pertoire National des Certifications Professionnelles (RNCP) avec un niveau de qualification de niveau III reconnu.<\/strong><\/p>\n\n\n\n<p>La pratique en cabinet m&rsquo;a motiv\u00e9e \u00e0 me former \u00e0 Paris \u00e0 la technique <strong>DECEMO<\/strong> avec le fondateur <strong>Enguerrand De Christen<\/strong> pour compl\u00e9ter mes comp\u00e9tences dans l&rsquo;accompagnement des personnes ayant v\u00e9cu des traumatismes.<\/p>\n\n\n\n<p>Pour mon enrichissement et \u00e9panouissement personnel, je pratique r\u00e9guli\u00e8rement la Sophrologie et la M\u00e9ditation, je suis \u00e9galement supervis\u00e9e en Sophrologie et en Th\u00e9rapie Syst\u00e9mique.<\/p>\n\n\n\n<p>J&rsquo;interviens dans la formation de professionnels et du grand public dans la th\u00e9matique des addictions et aussi en sophrologie. <\/p>\n\n\n\n<p>Merci aux \u00e9tablissements et entreprises qui m&rsquo;ont fait confiance: IFSI Libourne, Bagatelle; IFAS de Lesparre, H\u00f4pital de Sainte Foy La Grande, MSPB Bagatelle, les Professionnels de la Petite Enfance d&rsquo;Eysines, Pr\u00e9v&rsquo;enBus, l&rsquo;Institut de Sophrologie du Sud-Ouest&#8230;<\/p>\n\n\n\n<p><\/p>\n","protected":false},"excerpt":{"rendered":"<p>\u00ab&nbsp;La complexit\u00e9 de l\u2019\u00eatre humain est ce qui le rend unique&nbsp;\u00bb Dany Vixaysakd Portant un int\u00e9r\u00eat pour les sciences humaines, je me suis tourn\u00e9e vers le soin et l\u2019accompagnement des personnes. Je suis infirmi\u00e8re dipl\u00f4m\u00e9e d\u2019Etat depuis 2005, sp\u00e9cialis\u00e9e dans l\u2019Addictologie et formatrice. J\u2019ai travaill\u00e9 dans diff\u00e9rentes structures de soins aupr\u00e8s de tout type de&hellip;<\/p>\n","protected":false},"author":1,"featured_media":0,"parent":0,"menu_order":0,"comment_status":"closed","ping_status":"closed","template":"","meta":[],"_links":{"self":[{"href":"https:\/\/therapie-sophrologie33.fr\/index.php\/wp-json\/wp\/v2\/pages\/14"}],"collection":[{"href":"https:\/\/therapie-sophrologie33.fr\/index.php\/wp-json\/wp\/v2\/pages"}],"about":[{"href":"https:\/\/therapie-sophrologie33.fr\/index.php\/wp-json\/wp\/v2\/types\/page"}],"author":[{"embeddable":true,"href":"https:\/\/therapie-sophrologie33.fr\/index.php\/wp-json\/wp\/v2\/users\/1"}],"replies":[{"embeddable":true,"href":"https:\/\/therapie-sophrologie33.fr\/index.php\/wp-json\/wp\/v2\/comments?post=14"}],"version-history":[{"count":16,"href":"https:\/\/therapie-sophrologie33.fr\/index.php\/wp-json\/wp\/v2\/pages\/14\/revisions"}],"predecessor-version":[{"id":243,"href":"https:\/\/therapie-sophrologie33.fr\/index.php\/wp-json\/wp\/v2\/pages\/14\/revisions\/243"}],"wp:attachment":[{"href":"https:\/\/therapie-sophrologie33.fr\/index.php\/wp-json\/wp\/v2\/media?parent=14"}],"curies":[{"name":"wp","href":"https:\/\/api.w.org\/{rel}","templated":true}]}}