{"id":25,"date":"2020-02-04T14:33:49","date_gmt":"2020-02-04T13:33:49","guid":{"rendered":"http:\/\/therapie-sophrologie33.fr\/?page_id=25"},"modified":"2020-10-07T10:29:22","modified_gmt":"2020-10-07T08:29:22","slug":"temoignage","status":"publish","type":"page","link":"https:\/\/therapie-sophrologie33.fr\/index.php\/temoignage\/","title":{"rendered":"T\u00e9moignages"},"content":{"rendered":"\n<p><strong>Les \u00e9tudiants infirmiers de l\u2019Association \u00ab&nbsp;Panse Ta Culture&nbsp;\u00bb de l\u2019Institut de Formation en Soins Infirmiers de Florence Nightingale Bagatelle de Talence m\u2019ont fait confiance<\/strong>&nbsp;:<\/p>\n\n\n\n<blockquote class=\"wp-block-quote\"><p>\u00ab&nbsp;Dany est une personne chaleureuse, bienveillante, soucieuse du bien-\u00eatre des autres. Elle donne des outils efficaces pour se sentir mieux dans notre quotidien. Je recommande cette th\u00e9rapeute++, pas d\u2019h\u00e9sitation&nbsp;\u00bb<\/p><cite>S.D.<\/cite><\/blockquote>\n\n\n\n<div class=\"wp-block-group\"><div class=\"wp-block-group__inner-container\">\n<blockquote class=\"wp-block-quote\"><p>\u00ab&nbsp;J\u2019ai eu la chance de suivre plusieurs s\u00e9ances avec Dany, qui accompagne dans la douceur et la bienveillance. Ce fut pour moi une initiation \u00e0 la sophrologie et une tr\u00e8s belle exp\u00e9rience. Merci encore&nbsp;!&nbsp;\u00bb<\/p><cite>E.D.<\/cite><\/blockquote>\n<\/div><\/div>\n\n\n\n<blockquote class=\"wp-block-quote\"><p>\u00ab&nbsp;L\u2019accompagnement de Dany a \u00e9t\u00e9 d\u2019une grande ressource dans des moments de besoin. Elle a donn\u00e9 au groupe un espace de d\u00e9tente et de renforcement interne qui m\u2019a permis de faire face \u00e0 des situations d\u00e9licates et de mieux me conna\u00eetre. Une grande richesse d\u2019\u00e9change garantie \u00e0 chaque s\u00e9ance.&nbsp;\u00bb<\/p><cite>C.B.<\/cite><\/blockquote>\n\n\n\n<blockquote class=\"wp-block-quote\"><p>\u00ab&nbsp;Dany est une personne bienveillante, \u00e0 l\u2019\u00e9coute, qui sait gagner notre confiance et notre apaisement. La sophrologie permet de reconnecter son mental avec son corps, d\u2019apprendre \u00e0 \u00eatre \u00e0 l\u2019\u00e9coute de ses sensations oubli\u00e9es, dans le flot de la vie de tous les jours, et Dany est un super guide pour se remettre sur le chemin de la r\u00e9union de notre corps et de notre esprit.&nbsp;\u00bb<\/p><cite>C.D.<\/cite><\/blockquote>\n\n\n\n<p>D\u2019autres personnes ont \u00e9galement donn\u00e9 leur avis&nbsp;:<\/p>\n\n\n\n<blockquote class=\"wp-block-quote\"><p>\u00ab&nbsp;Dany est tr\u00e8s \u00e0 l\u2019\u00e9coute, c\u2019est une experte dans son domaine. Une v\u00e9ritable professionnelle, je vous la conseille vivement&nbsp;\u00bb<\/p><cite>J.H.<\/cite><\/blockquote>\n\n\n\n<blockquote class=\"wp-block-quote\"><p>\u00ab&nbsp;J\u2019ai assist\u00e9 \u00e0 une s\u00e9ance d\u00e9couverte de la sophrologie en groupe faite par Dany. Je ne connaissais pas et je me suis sentie \u00e0 l\u2019aise et capable d\u2019un l\u00e2cher prise que je soup\u00e7onnais pas. Dany est tr\u00e8s consciencieuse et \u00e0 l\u2019\u00e9coute des besoins de ses patients. Je vous la conseille vivement.&nbsp;\u00bb<\/p><cite>M.L.<\/cite><\/blockquote>\n\n\n\n<blockquote class=\"wp-block-quote\"><p>\u00ab&nbsp;Dany est une th\u00e9rapeute compl\u00e8te, elle est \u00e0 l\u2019\u00e9coute, nous guide avec bienveillance. Elle nous aide \u00e0 avoir une approche indulgente de nous-m\u00eame, en nous conduisant sur la route du l\u00e2cher prise o\u00f9 la sophrologie trouve son \u00e9cho. Je vous la recommande les yeux ferm\u00e9s.&nbsp;\u00bb<\/p><cite>A.A.<\/cite><\/blockquote>\n\n\n\n<blockquote class=\"wp-block-quote\"><p>\u00ab&nbsp;D\u00e8s qu\u2019on rencontre Dany, on se sent d\u00e9j\u00e0 mieux. Elle a cette capacit\u00e9 naturelle \u00e0 vous mettre \u00e0 l\u2019aise. Elle met l\u2019humain au centre de sa pratique puis sa technique, son professionnalisme, son parcours riche et une m\u00e9thodologie adapt\u00e9e, elle fait de cette s\u00e9ance un moment privil\u00e9gi\u00e9 d\u2019\u00e9coute et de soin de soi. J\u2019ai bien l\u2019intention de refaire des s\u00e9ances.&nbsp;\u00bb<\/p><cite>L.T.<\/cite><\/blockquote>\n\n\n\n<p>Je tiens \u00e0 exprimer ma gratitude envers toutes les personnes que j\u2019ai rencontr\u00e9es et accompagn\u00e9es.&nbsp;<\/p>\n\n\n\n<p>Je remercie les personnes qui soutiennent mes projets et qui m\u2019encouragent \u00e0 suivre mes r\u00eaves !<\/p>\n\n\n\n<figure class=\"wp-block-image size-large is-resized\"><img loading=\"lazy\" src=\"http:\/\/therapie-sophrologie33.fr\/wp-content\/uploads\/2020\/09\/Photo-coucher-de-soleil.png\" alt=\"\" class=\"wp-image-176\" width=\"595\" height=\"401\" srcset=\"https:\/\/therapie-sophrologie33.fr\/wp-content\/uploads\/2020\/09\/Photo-coucher-de-soleil.png 612w, https:\/\/therapie-sophrologie33.fr\/wp-content\/uploads\/2020\/09\/Photo-coucher-de-soleil-300x202.png 300w\" sizes=\"(max-width: 595px) 100vw, 595px\" \/><\/figure>\n","protected":false},"excerpt":{"rendered":"<p>Les \u00e9tudiants infirmiers de l\u2019Association \u00ab&nbsp;Panse Ta Culture&nbsp;\u00bb de l\u2019Institut de Formation en Soins Infirmiers de Florence Nightingale Bagatelle de Talence m\u2019ont fait confiance&nbsp;: \u00ab&nbsp;Dany est une personne chaleureuse, bienveillante, soucieuse du bien-\u00eatre des autres. Elle donne des outils efficaces pour se sentir mieux dans notre quotidien. Je recommande cette th\u00e9rapeute++, pas d\u2019h\u00e9sitation&nbsp;\u00bb S.D. \u00ab&nbsp;L\u2019accompagnement&hellip;<\/p>\n","protected":false},"author":1,"featured_media":0,"parent":0,"menu_order":0,"comment_status":"closed","ping_status":"closed","template":"","meta":[],"_links":{"self":[{"href":"https:\/\/therapie-sophrologie33.fr\/index.php\/wp-json\/wp\/v2\/pages\/25"}],"collection":[{"href":"https:\/\/therapie-sophrologie33.fr\/index.php\/wp-json\/wp\/v2\/pages"}],"about":[{"href":"https:\/\/therapie-sophrologie33.fr\/index.php\/wp-json\/wp\/v2\/types\/page"}],"author":[{"embeddable":true,"href":"https:\/\/therapie-sophrologie33.fr\/index.php\/wp-json\/wp\/v2\/users\/1"}],"replies":[{"embeddable":true,"href":"https:\/\/therapie-sophrologie33.fr\/index.php\/wp-json\/wp\/v2\/comments?post=25"}],"version-history":[{"count":8,"href":"https:\/\/therapie-sophrologie33.fr\/index.php\/wp-json\/wp\/v2\/pages\/25\/revisions"}],"predecessor-version":[{"id":205,"href":"https:\/\/therapie-sophrologie33.fr\/index.php\/wp-json\/wp\/v2\/pages\/25\/revisions\/205"}],"wp:attachment":[{"href":"https:\/\/therapie-sophrologie33.fr\/index.php\/wp-json\/wp\/v2\/media?parent=25"}],"curies":[{"name":"wp","href":"https:\/\/api.w.org\/{rel}","templated":true}]}}